{"id":3,"date":"2021-10-19T22:29:36","date_gmt":"2021-10-19T20:29:36","guid":{"rendered":"https:\/\/www.em-smart.pl\/?page_id=3"},"modified":"2021-11-08T09:38:02","modified_gmt":"2021-11-08T08:38:02","slug":"polityka-prywatnosci","status":"publish","type":"page","link":"https:\/\/em-smart.softgraf.biz\/?page_id=3","title":{"rendered":"Polityka prywatno\u015bci"},"content":{"rendered":"<p>[vc_row][vc_column][vc_empty_space height=&#8221;40px&#8221;][vc_column_text]<\/p>\n<p>Prywatno\u015b\u0107 i bezpiecze\u0144stwo danych klient\u00f3w firmy Softgraf jest jednym z naszych priorytet\u00f3w. Zale\u017cy nam, by nasi klienci mieli poczucie, \u017ce mog\u0105 na nas polega\u0107, wiedz\u0105c, i\u017c Softgraf, zachowuj\u0105c najwy\u017csz\u0105 staranno\u015b\u0107, zagwarantuje by wszelkie powierzone nam dane i informacje by\u0142y przetwarzane wy\u0142\u0105cznie zgodnie z ich przeznaczeniem i chronione przed nadu\u017cyciami. W \u017cadnym wypadku powierzone nam dane nie b\u0119d\u0105 udost\u0119pniane ani sprzedawane osobom trzecim. Poni\u017cej przedstawiamy najwa\u017cniejsze zasady, zwi\u0105zane z ochron\u0105 prywatno\u015bci:<\/p>\n<ol>\n<li>Zak\u0142adaj\u0105c konto u\u017cytkownika za po\u015brednictwem strony, sklepu, sk\u0142adaj\u0105c zam\u00f3wienie, zapisuj\u0105c si\u0119 do newslettera, sk\u0142adaj\u0105c reklamacj\u0119, odst\u0119puj\u0105c od umowy czy po prostu kontaktuj\u0105c si\u0119 z nami za pomoc\u0105 formularza, przekazujesz nam swoje dane osobowe, a my gwarantujemy Ci, \u017ce Twoje dane pozostan\u0105 poufne, bezpieczne i nie zostan\u0105 udost\u0119pnione jakimkolwiek podmiotom trzecim bez Twojej wyra\u017anej zgody.<\/li>\n<li>Powierzamy przetwarzanie danych osobowych tylko sprawdzonym i zaufanym podmiotom \u015bwiadcz\u0105cym us\u0142ugi zwi\u0105zane z przetwarzaniem danych osobowych.<\/li>\n<li>Korzystamy z narz\u0119dzi analitycznych Google Analytics, kt\u00f3re zbieraj\u0105 informacje na temat Twoich odwiedzin strony, takie jak podstrony, kt\u00f3re wy\u015bwietli\u0142e\u015b, czas, jaki sp\u0119dzi\u0142e\u015b na stronie czy przej\u015bcia pomi\u0119dzy poszczeg\u00f3lnymi podstronami. W tym celu wykorzystywane s\u0105 pliki cookies firmy Google LLC dotycz\u0105ce us\u0142ugi Google Analytics. W ramach mechanizmu do zarz\u0105dzania ustawieniami plik\u00f3w cookies masz mo\u017cliwo\u015b\u0107 zadecydowania, czy w ramach us\u0142ugi Google Analytics b\u0119dziemy mogli korzysta\u0107 r\u00f3wnie\u017c z funkcji marketingowych, czy nie.<\/li>\n<li>Korzystamy z narz\u0119dzi marketingowych, takich jak Facebook Pixel, by kierowa\u0107 do Ciebie reklamy.Wi\u0105\u017c\u0119 si\u0119 to z wykorzystywaniem plik\u00f3w cookies firmy Facebook. W ramach ustawie\u0144 plik\u00f3w cookies mo\u017cesz zadecydowa\u0107, czy wyra\u017casz zgod\u0119 na korzystanie przez nas w Twoim przypadku z Pixela Facebooka, czy nie.<\/li>\n<li>Korzystamy z narz\u0119dzi remarketingowych Google AdWords. Wi\u0105\u017ce si\u0119 to z wykorzystywaniem plik\u00f3w cookies firmy Google LLC dotycz\u0105cych us\u0142ugi Google AdWords. W ramach mechanizmu do zarz\u0105dzania ustawieniami plik\u00f3w cookies masz mo\u017cliwo\u015b\u0107 zadecydowania, czy b\u0119dziemy mogli w Twoim przypadku korzysta\u0107 z Google AdWords, czy nie.<\/li>\n<li>Nale\u017cymy do sieci reklamowej Google AdSense. Wi\u0105\u017ce si\u0119 to z wykorzystywaniem plik\u00f3w cookies firmy Google LLC dotycz\u0105cych us\u0142ugi Google AdSense. W ramach mechanizmu do zarz\u0105dzania ustawieniami plik\u00f3w cookies masz mo\u017cliwo\u015b\u0107 zadecydowania, czy b\u0119dziemy mogli w Twoim przypadku korzysta\u0107 z personalizowanych reklam Google AdSense, czy nie.<\/li>\n<li>Osadzamy na stronie nagrania wideo z serwisu YouTube. Gdy odtwarzasz takie nagrania, wykorzystywane s\u0105 pliki cookies firmy Google LLC dotycz\u0105ce us\u0142ugi YouTube.<\/li>\n<li>Zapewniamy mo\u017cliwo\u015b\u0107 korzystania z funkcji spo\u0142eczno\u015bciowych, takich jak udost\u0119pnianie tre\u015bci w serwisach spo\u0142eczno\u015bciowych oraz subskrypcja profilu spo\u0142eczno\u015bciowego. Korzystanie z tych funkcji wi\u0105\u017ce si\u0119 z wykorzystywaniem plik\u00f3w cookies administrator\u00f3w serwis\u00f3w spo\u0142eczno\u015bciowych takich jak Facebook, Instagram, YouTube, Twitter, Google+, LinkedIN.<\/li>\n<li>Wykorzystujemy pliki cookies w\u0142asne w celu prawid\u0142owego dzia\u0142ania strony.Je\u017celi powy\u017csze informacje nie s\u0105 dla Ciebie wystarczaj\u0105ce, poni\u017cej znajdziesz dalej id\u0105ce szczeg\u00f3\u0142y.<\/li>\n<li>AdministratoremTwoich danych osobowych w rozumieniu przepis\u00f3w o ochronie danych osobowych jest SOFTGRAF Marek Nowak, ul. Plebiscytowa 51G, 43-190 Miko\u0142\u00f3w, NIP: 9540022139, e-mail: kontakt@softgraf.plCele, podstawy prawne oraz okres przetwarzania danych osobowych wskazane s\u0105 odr\u0119bnie w stosunku do ka\u017cdego celu przetwarzania danych (patrz: opis poszczeg\u00f3lnych cel\u00f3w przetwarzania danych osobowych poni\u017cej).<\/li>\n<\/ol>\n<p>Uprawnienia. RODO przyznaje Ci nast\u0119puj\u0105ce potencjalne uprawnienia zwi\u0105zane z przetwarzaniem Twoich danych osobowych:<\/p>\n<ol>\n<li>prawo dost\u0119pu do danych osobowych,<\/li>\n<li>prawo do sprostowania danych osobowych,<\/li>\n<li>prawo do usuni\u0119cia danych osobowych,<\/li>\n<li>prawo do ograniczenia przetwarzania danych osobowych,<\/li>\n<li>prawo do wniesienia sprzeciwu co do przetwarzania danych osobowych,<\/li>\n<li>prawo do przenoszenia danych,<\/li>\n<li>prawo do wniesienia skargi do organu nadzorczego,<\/li>\n<li>prawo do odwo\u0142ania zgody na przetwarzanie danych osobowych, je\u017celi takow\u0105 zgod\u0119 wyrazi\u0142e\u015b.<\/li>\n<\/ol>\n<p>Zasady zwi\u0105zane z realizacj\u0105 wskazanych uprawnie\u0144 zosta\u0142y opisane szczeg\u00f3\u0142owo w art. 16 \u201321 RODO. Zach\u0119camy do zapoznania si\u0119 z tymi przepisami. Ze swojej strony uwa\u017camy za potrzebne wyja\u015bni\u0107 Ci, \u017ce wskazane powy\u017cej uprawnienia nie s\u0105 bezwzgl\u0119dne i nie b\u0119d\u0105 przys\u0142ugiwa\u0107 Ci w stosunku do wszystkich czynno\u015bci przetwarzania Twoich danych osobowych. Dla Twojej wygody do\u0142o\u017cyli\u015bmy stara\u0144, by w ramach opisu poszczeg\u00f3lnych operacji przetwarzania danych osobowych wskaza\u0107 na przys\u0142uguj\u0105ce Ci w ramach tych operacji uprawnienia.<\/p>\n<p>[\/vc_column_text][\/vc_column][\/vc_row]<\/p>\n","protected":false},"excerpt":{"rendered":"<p>[vc_row][vc_column][vc_empty_space height=&#8221;40px&#8221;][vc_column_text] Prywatno\u015b\u0107 i bezpiecze\u0144stwo danych klient\u00f3w firmy Softgraf jest jednym z naszych priorytet\u00f3w. Zale\u017cy nam, by nasi klienci mieli poczucie, \u017ce mog\u0105 na nas polega\u0107, wiedz\u0105c, i\u017c Softgraf, zachowuj\u0105c najwy\u017csz\u0105 staranno\u015b\u0107, zagwarantuje by wszelkie powierzone nam dane i informacje by\u0142y przetwarzane wy\u0142\u0105cznie zgodnie z ich przeznaczeniem i chronione przed nadu\u017cyciami. W \u017cadnym wypadku powierzone&hellip;<\/p>\n","protected":false},"author":1,"featured_media":0,"parent":0,"menu_order":0,"comment_status":"closed","ping_status":"open","template":"","meta":{"spay_email":"","footnotes":""},"class_list":["post-3","page","type-page","status-publish","hentry","description-off"],"_links":{"self":[{"href":"https:\/\/em-smart.softgraf.biz\/index.php?rest_route=\/wp\/v2\/pages\/3","targetHints":{"allow":["GET"]}}],"collection":[{"href":"https:\/\/em-smart.softgraf.biz\/index.php?rest_route=\/wp\/v2\/pages"}],"about":[{"href":"https:\/\/em-smart.softgraf.biz\/index.php?rest_route=\/wp\/v2\/types\/page"}],"author":[{"embeddable":true,"href":"https:\/\/em-smart.softgraf.biz\/index.php?rest_route=\/wp\/v2\/users\/1"}],"replies":[{"embeddable":true,"href":"https:\/\/em-smart.softgraf.biz\/index.php?rest_route=%2Fwp%2Fv2%2Fcomments&post=3"}],"version-history":[{"count":3,"href":"https:\/\/em-smart.softgraf.biz\/index.php?rest_route=\/wp\/v2\/pages\/3\/revisions"}],"predecessor-version":[{"id":913,"href":"https:\/\/em-smart.softgraf.biz\/index.php?rest_route=\/wp\/v2\/pages\/3\/revisions\/913"}],"wp:attachment":[{"href":"https:\/\/em-smart.softgraf.biz\/index.php?rest_route=%2Fwp%2Fv2%2Fmedia&parent=3"}],"curies":[{"name":"wp","href":"https:\/\/api.w.org\/{rel}","templated":true}]}}