{"id":1005,"date":"2022-01-18T09:55:05","date_gmt":"2022-01-18T08:55:05","guid":{"rendered":"https:\/\/www.em-smart.pl\/?product=hoodie-with-logo"},"modified":"2022-02-10T12:15:14","modified_gmt":"2022-02-10T11:15:14","slug":"hoodie-with-logo","status":"publish","type":"product","link":"https:\/\/em-smart.softgraf.biz\/?product=hoodie-with-logo","title":{"rendered":"Znakowarka Fiber EM-SMART"},"content":{"rendered":"<div id=\"description\" class=\"tab-pane fade active in\" role=\"tabpanel\" aria-expanded=\"true\">\n<div class=\"product-description\">\n<p><strong>ZNAKOWARKA EM-Smart<\/strong><br \/>\n<span class=\"tlid-translation translation\" lang=\"pl\" xml:lang=\"pl\"><span title=\"\">Rozpocznij przygod\u0119<\/span><\/span><span class=\"tlid-translation translation\" lang=\"pl\" xml:lang=\"pl\"><span title=\"\"> ze znakowark\u0105 laserow\u0105, co nie by\u0142o nigdy tak proste jak teraz.<\/span><\/span><\/p>\n<p><strong>KOMPAKTOWY ROZMIAR<\/strong><br \/>\n<span class=\"tlid-translation translation\" lang=\"pl\" xml:lang=\"pl\"><span title=\"\">Niewielki rozmiar pozwala u\u017cywa\u0107 ten laser na ma\u0142ej przestrzeni sto\u0142u. Przyjazna cena i kompaktowa konstrukcja sprawiaj\u0105, \u017ce EM-Smart nadaje si\u0119 do ka\u017cdego domu, szko\u0142y, punktu us\u0142ugowego, zak\u0142adu jubilerskiego lub ma\u0142ego biznesu. Dzi\u0119ki swoim rozmiarom jest to najbardziej kompaktowa znakowarka Fiberowa na rynku.<\/span><\/span><\/p>\n<p><strong>MOCNA<br \/>\n<\/strong><span class=\"tlid-translation translation\" lang=\"pl\" xml:lang=\"pl\"><span title=\"\">20W, to wystarczaj\u0105ca moc do realizacji wi\u0119kszo\u015bci zada\u0144, kt\u00f3re postawisz przed znakowark\u0105 EM-Smart!<\/span><\/span><\/p>\n<p><span class=\"tlid-translation translation\" lang=\"pl\" xml:lang=\"pl\"><strong><br \/>\n<\/strong><br \/>\n<span title=\"\"><strong>CH\u0141ODZENIE POWIETRZEM<\/strong><br \/>\nUk\u0142ad ch\u0142odzenia powietrzem pozwala na d\u0142ugotrwa\u0142e i bezpieczne u\u017cytkowanie urz\u0105dzenia.<\/span><\/span><\/p>\n<p><span class=\"tlid-translation translation\" lang=\"pl\" xml:lang=\"pl\"><span title=\"\"><strong>PRZYSTAWKA OBROTOWA (opcja)<\/strong><br \/>\nJu\u017c wkr\u00f3tce w ofercie b\u0119dzie dost\u0119pna ma\u0142a przystawka obrotowa dla zak\u0142ad\u00f3w jubilerskich do znakowania obr\u0105czek.<br \/>\n<\/span><\/span><\/p>\n<p><span class=\"tlid-translation translation\" lang=\"pl\" xml:lang=\"pl\"><span title=\"\"><strong><br \/>\nWYSOKA DOK\u0141ADNO\u015a\u0106<\/strong><br \/>\nJako\u015b\u0107 lasera Fiber, pozwala uzyska\u0107 plamk\u0119 na poziomie 0,1mm.<\/span><\/span><\/p>\n<p>&nbsp;<\/p>\n<p><strong>OPROGRAMOWANIE<\/strong><br \/>\n<span class=\"tlid-translation translation\" lang=\"pl\" xml:lang=\"pl\"><span title=\"\">Do\u0142\u0105czone oprogramowanie Ezcad, znane i \u0142atwe w u\u017cyciu, pozwala na realizacj\u0119 ka\u017cdego projektu<\/span><span title=\"\">.<\/span><\/span><\/p>\n<p><strong>KOMUNIKACJA<\/strong><br \/>\n<span class=\"tlid-translation translation\" lang=\"pl\" xml:lang=\"pl\"><span title=\"\">Do komunikacji potrzebny jest komputer i po\u0142\u0105czenie USB z laserem<\/span><span title=\"\">.<\/span><\/span><\/p>\n<p><strong><br \/>\nSTOSOWANE MATERIA\u0141Y<\/strong><\/p>\n<p>Metale oraz plastik<strong>.<\/strong><\/p>\n<p>&nbsp;<\/p>\n<p><strong>DODATKOWE WYPOSA\u017bENIE\u00a0<\/strong><\/p>\n<p>Okulary ochronne<strong>.<\/strong><\/p>\n<\/div>\n<\/div>\n<p><span class=\"tlid-translation translation\" lang=\"pl\" xml:lang=\"pl\"><span title=\"\">\u00a0<\/span><\/span><\/p>\n","protected":false},"excerpt":{"rendered":"<p><span class=\"tlid-translation translation\" lang=\"pl\" xml:lang=\"pl\"><span title=\"\">Kompaktowa znakowarka laserowa typu FIBER o mocy 20W i polu roboczym 110x110mm. Lekka, tylko 10kg, \u0142atwa w monta\u017cu oraz prosta w u\u017cytkowaniu! Doskona\u0142a do pracowni graficznej, jubilerskiej czy do sklepu. Wygrawerujesz na niej imi\u0119 Swojego pupila, dat\u0119 uroczysto\u015bci czy te\u017c spersonalizujesz na prezent.<\/span><\/span><\/p>\n","protected":false},"featured_media":1013,"comment_status":"open","ping_status":"closed","template":"","meta":{"spay_email":""},"product_cat":[57],"product_tag":[],"class_list":{"0":"post-1005","1":"product","2":"type-product","3":"status-publish","4":"has-post-thumbnail","6":"product_cat-znakowarki","7":"description-off","9":"first","10":"instock","11":"taxable","12":"shipping-taxable","13":"purchasable","14":"product-type-simple"},"_links":{"self":[{"href":"https:\/\/em-smart.softgraf.biz\/index.php?rest_route=\/wp\/v2\/product\/1005","targetHints":{"allow":["GET"]}}],"collection":[{"href":"https:\/\/em-smart.softgraf.biz\/index.php?rest_route=\/wp\/v2\/product"}],"about":[{"href":"https:\/\/em-smart.softgraf.biz\/index.php?rest_route=\/wp\/v2\/types\/product"}],"replies":[{"embeddable":true,"href":"https:\/\/em-smart.softgraf.biz\/index.php?rest_route=%2Fwp%2Fv2%2Fcomments&post=1005"}],"wp:featuredmedia":[{"embeddable":true,"href":"https:\/\/em-smart.softgraf.biz\/index.php?rest_route=\/wp\/v2\/media\/1013"}],"wp:attachment":[{"href":"https:\/\/em-smart.softgraf.biz\/index.php?rest_route=%2Fwp%2Fv2%2Fmedia&parent=1005"}],"wp:term":[{"taxonomy":"product_cat","embeddable":true,"href":"https:\/\/em-smart.softgraf.biz\/index.php?rest_route=%2Fwp%2Fv2%2Fproduct_cat&post=1005"},{"taxonomy":"product_tag","embeddable":true,"href":"https:\/\/em-smart.softgraf.biz\/index.php?rest_route=%2Fwp%2Fv2%2Fproduct_tag&post=1005"}],"curies":[{"name":"wp","href":"https:\/\/api.w.org\/{rel}","templated":true}]}}